{"id":275,"date":"2023-10-03T16:25:23","date_gmt":"2023-10-03T16:25:23","guid":{"rendered":"https:\/\/fairphone.etcnet.fi\/?page_id=275"},"modified":"2023-11-06T13:05:10","modified_gmt":"2023-11-06T13:05:10","slug":"tietoja","status":"publish","type":"page","link":"https:\/\/fairphone.etcnet.fi\/?page_id=275&lang=fi","title":{"rendered":"Meist\u00e4"},"content":{"rendered":"\t\t<div data-elementor-type=\"wp-page\" data-elementor-id=\"275\" class=\"elementor elementor-275 elementor-37\" data-elementor-post-type=\"page\">\n\t\t\t\t<div class=\"elementor-element elementor-element-43b7ca3b e-con-full e-flex e-con e-parent\" data-id=\"43b7ca3b\" data-element_type=\"container\" data-e-type=\"container\">\n\t\t\t\t<div class=\"elementor-element elementor-element-2abae036 elementor-widget elementor-widget-text-editor\" data-id=\"2abae036\" data-element_type=\"widget\" data-e-type=\"widget\" data-widget_type=\"text-editor.default\">\n\t\t\t\t<div class=\"elementor-widget-container\">\n\t\t\t\t\t\t\t\t\t<p><\/p>\n<p>Etcetera Networks on yritys, joka edist\u00e4\u00e4 kest\u00e4v\u00e4\u00e4 kehityst\u00e4. T\u00e4m\u00e4 on todella t\u00e4rke\u00e4\u00e4 nyky\u00e4\u00e4n, kun poisheitt\u00e4mismentaliteetti on aiheuttanut paljon vahinkoa ymp\u00e4rist\u00f6lle ja ilmastolle.<\/p>\n<h5> <\/h5>\n<p>Siksi olemme aloittaneet yhteisty\u00f6n hollantilaisen Fairphonen kanssa. Matkapuhelimet ovat nyky\u00e4\u00e4n t\u00e4rkein viestint\u00e4v\u00e4line, jota k\u00e4yt\u00e4nn\u00f6llisesti katsoen kaikki k\u00e4ytt\u00e4v\u00e4t. Valitsemalla kest\u00e4v\u00e4n vaihtoehdon voimme auttaa ihmisi\u00e4 ansaitsemaan ihmisarvoisen toimeentulon ja v\u00e4hent\u00e4\u00e4 merkitt\u00e4v\u00e4sti ymp\u00e4rist\u00f6vaikutuksia.<\/p>\n<p> <\/p>\n<p>Fairphone-puhelimia voi p\u00e4ivitt\u00e4\u00e4 v\u00e4hint\u00e4\u00e4n 8 vuodeksi, ja niill\u00e4 on 5 vuoden takuu.  <\/p>\n<p> <\/p>\n<p><\/p>\t\t\t\t\t\t\t\t<\/div>\n\t\t\t\t<\/div>\n\t\t\t\t<\/div>\n\t\t\t\t<\/div>\n\t\t","protected":false},"excerpt":{"rendered":"<p>Etcetera Networks on yritys, joka edist\u00e4\u00e4 kest\u00e4v\u00e4\u00e4 kehityst\u00e4. T\u00e4m\u00e4 on todella t\u00e4rke\u00e4\u00e4 nyky\u00e4\u00e4n, kun poisheitt\u00e4mismentaliteetti on aiheuttanut paljon vahinkoa ymp\u00e4rist\u00f6lle ja ilmastolle. Siksi olemme aloittaneet yhteisty\u00f6n hollantilaisen Fairphonen kanssa. Matkapuhelimet ovat nyky\u00e4\u00e4n t\u00e4rkein viestint\u00e4v\u00e4line, jota k\u00e4yt\u00e4nn\u00f6llisesti katsoen kaikki k\u00e4ytt\u00e4v\u00e4t. Valitsemalla kest\u00e4v\u00e4n vaihtoehdon voimme auttaa ihmisi\u00e4 ansaitsemaan ihmisarvoisen toimeentulon ja v\u00e4hent\u00e4\u00e4 merkitt\u00e4v\u00e4sti ymp\u00e4rist\u00f6vaikutuksia. Fairphone-puhelimia voi p\u00e4ivitt\u00e4\u00e4 &hellip; <\/p>\n<p class=\"link-more\"><a href=\"https:\/\/fairphone.etcnet.fi\/?page_id=275&#038;lang=fi\" class=\"more-link\">Forts\u00e4tt l\u00e4sa<span class=\"screen-reader-text\"> \u201dMeist\u00e4\u201d<\/span><\/a><\/p>\n","protected":false},"author":1,"featured_media":0,"parent":0,"menu_order":0,"comment_status":"closed","ping_status":"closed","template":"","meta":{"footnotes":""},"class_list":["post-275","page","type-page","status-publish","hentry"],"_links":{"self":[{"href":"https:\/\/fairphone.etcnet.fi\/index.php?rest_route=\/wp\/v2\/pages\/275","targetHints":{"allow":["GET"]}}],"collection":[{"href":"https:\/\/fairphone.etcnet.fi\/index.php?rest_route=\/wp\/v2\/pages"}],"about":[{"href":"https:\/\/fairphone.etcnet.fi\/index.php?rest_route=\/wp\/v2\/types\/page"}],"author":[{"embeddable":true,"href":"https:\/\/fairphone.etcnet.fi\/index.php?rest_route=\/wp\/v2\/users\/1"}],"replies":[{"embeddable":true,"href":"https:\/\/fairphone.etcnet.fi\/index.php?rest_route=%2Fwp%2Fv2%2Fcomments&post=275"}],"version-history":[{"count":15,"href":"https:\/\/fairphone.etcnet.fi\/index.php?rest_route=\/wp\/v2\/pages\/275\/revisions"}],"predecessor-version":[{"id":669,"href":"https:\/\/fairphone.etcnet.fi\/index.php?rest_route=\/wp\/v2\/pages\/275\/revisions\/669"}],"wp:attachment":[{"href":"https:\/\/fairphone.etcnet.fi\/index.php?rest_route=%2Fwp%2Fv2%2Fmedia&parent=275"}],"curies":[{"name":"wp","href":"https:\/\/api.w.org\/{rel}","templated":true}]}}