{"id":37,"date":"2023-10-03T16:25:23","date_gmt":"2023-10-03T16:25:23","guid":{"rendered":"https:\/\/fairphone.etcnet.fi\/?page_id=37"},"modified":"2023-10-14T15:10:28","modified_gmt":"2023-10-14T15:10:28","slug":"om","status":"publish","type":"page","link":"https:\/\/fairphone.etcnet.fi\/?page_id=37","title":{"rendered":"Om"},"content":{"rendered":"\t\t<div data-elementor-type=\"wp-page\" data-elementor-id=\"37\" class=\"elementor elementor-37\" data-elementor-post-type=\"page\">\n\t\t\t\t<div class=\"elementor-element elementor-element-43b7ca3b e-con-full e-flex e-con e-parent\" data-id=\"43b7ca3b\" data-element_type=\"container\" data-e-type=\"container\">\n\t\t\t\t<div class=\"elementor-element elementor-element-2abae036 elementor-widget elementor-widget-text-editor\" data-id=\"2abae036\" data-element_type=\"widget\" data-e-type=\"widget\" data-widget_type=\"text-editor.default\">\n\t\t\t\t<div class=\"elementor-widget-container\">\n\t\t\t\t\t\t\t\t\t<p><\/p>\n<p>Etcetera Networks \u00e4r ett f\u00f6retag som befr\u00e4mjar h\u00e5llbar utveckling. Det \u00e4r verkligt viktigt i dag d\u00e4r slit och sl\u00e4ng mentaliteten medf\u00f6rt mycken skada p\u00e5 milj\u00f6n och klimatet.<\/p>\n<h5>\u00a0<\/h5>\n<p>D\u00e4rf\u00f6r har vi inlett ett samarbete med Holl\u00e4ndska Fairphone. Mobiltelefoner \u00e4r idag det fr\u00e4msta kommunikationsmedlet, som anv\u00e4nds av praktiskt talat oss alla. Vi kan, med att v\u00e4lja ett h\u00e5llbart alternativt, hj\u00e4lpa m\u00e4nniskor, att f\u00e5 en dr\u00e4glig utkomst, samt att f\u00f6rminska rej\u00e4lt milj\u00f6p\u00e5verkan.<\/p>\n<p>\u00a0<\/p>\n<p>Fairphone telefonerna kan uppgraderas i minst 8 \u00e5r och har en garantitid p\u00e5 5 \u00e5r.\u00a0<\/p>\n<p>\u00a0<\/p>\n<p><\/p>\t\t\t\t\t\t\t\t<\/div>\n\t\t\t\t<\/div>\n\t\t\t\t<\/div>\n\t\t\t\t<\/div>\n\t\t","protected":false},"excerpt":{"rendered":"<p>Etcetera Networks \u00e4r ett f\u00f6retag som befr\u00e4mjar h\u00e5llbar utveckling. Det \u00e4r verkligt viktigt i dag d\u00e4r slit och sl\u00e4ng mentaliteten medf\u00f6rt mycken skada p\u00e5 milj\u00f6n och klimatet. \u00a0 D\u00e4rf\u00f6r har vi inlett ett samarbete med Holl\u00e4ndska Fairphone. Mobiltelefoner \u00e4r idag det fr\u00e4msta kommunikationsmedlet, som anv\u00e4nds av praktiskt talat oss alla. Vi kan, med att v\u00e4lja &hellip; <\/p>\n<p class=\"link-more\"><a href=\"https:\/\/fairphone.etcnet.fi\/?page_id=37\" class=\"more-link\">Forts\u00e4tt l\u00e4sa<span class=\"screen-reader-text\"> \u201dOm\u201d<\/span><\/a><\/p>\n","protected":false},"author":1,"featured_media":0,"parent":0,"menu_order":0,"comment_status":"closed","ping_status":"closed","template":"","meta":{"footnotes":""},"class_list":["post-37","page","type-page","status-publish","hentry"],"_links":{"self":[{"href":"https:\/\/fairphone.etcnet.fi\/index.php?rest_route=\/wp\/v2\/pages\/37","targetHints":{"allow":["GET"]}}],"collection":[{"href":"https:\/\/fairphone.etcnet.fi\/index.php?rest_route=\/wp\/v2\/pages"}],"about":[{"href":"https:\/\/fairphone.etcnet.fi\/index.php?rest_route=\/wp\/v2\/types\/page"}],"author":[{"embeddable":true,"href":"https:\/\/fairphone.etcnet.fi\/index.php?rest_route=\/wp\/v2\/users\/1"}],"replies":[{"embeddable":true,"href":"https:\/\/fairphone.etcnet.fi\/index.php?rest_route=%2Fwp%2Fv2%2Fcomments&post=37"}],"version-history":[{"count":22,"href":"https:\/\/fairphone.etcnet.fi\/index.php?rest_route=\/wp\/v2\/pages\/37\/revisions"}],"predecessor-version":[{"id":547,"href":"https:\/\/fairphone.etcnet.fi\/index.php?rest_route=\/wp\/v2\/pages\/37\/revisions\/547"}],"wp:attachment":[{"href":"https:\/\/fairphone.etcnet.fi\/index.php?rest_route=%2Fwp%2Fv2%2Fmedia&parent=37"}],"curies":[{"name":"wp","href":"https:\/\/api.w.org\/{rel}","templated":true}]}}